{"id":322,"date":"2020-11-09T10:45:10","date_gmt":"2020-11-09T13:45:10","guid":{"rendered":"http:\/\/www.brunetimoveis.com.br\/site\/?page_id=322"},"modified":"2021-05-03T05:25:10","modified_gmt":"2021-05-03T08:25:10","slug":"cadastro-de-imovel","status":"publish","type":"page","link":"http:\/\/www.brunetimoveis.com.br\/site\/cadastro-de-imovel\/","title":{"rendered":"Cadastro de im\u00f3vel"},"content":{"rendered":"\n<div class=\"wpcf7 no-js\" id=\"wpcf7-f321-o1\" lang=\"pt-BR\" dir=\"ltr\" data-wpcf7-id=\"321\">\n<div class=\"screen-reader-response\"><p role=\"status\" aria-live=\"polite\" aria-atomic=\"true\"><\/p> <ul><\/ul><\/div>\n<form action=\"\/site\/wp-json\/wp\/v2\/pages\/322#wpcf7-f321-o1\" method=\"post\" class=\"wpcf7-form init\" aria-label=\"Formul\u00e1rios de contato\" novalidate=\"novalidate\" data-status=\"init\">\n<fieldset class=\"hidden-fields-container\"><input type=\"hidden\" name=\"_wpcf7\" value=\"321\" \/><input type=\"hidden\" name=\"_wpcf7_version\" value=\"6.1.5\" \/><input type=\"hidden\" name=\"_wpcf7_locale\" value=\"pt_BR\" \/><input type=\"hidden\" name=\"_wpcf7_unit_tag\" value=\"wpcf7-f321-o1\" \/><input type=\"hidden\" name=\"_wpcf7_container_post\" value=\"0\" \/><input type=\"hidden\" name=\"_wpcf7_posted_data_hash\" value=\"\" \/>\n<\/fieldset>\n<div id=\"featured-section\" class=\"featured-section container-fluid p_z\">\n\t<div class=\"section-header\">\n\t\t<p>CADASTRAR\n\t\t<\/p>\n\t\t<h3>Informa\u00e7\u00f5es do im\u00f3vel\n\t\t<\/h3>\n\t<\/div>\n\t<div class=\"submit-property\" style=\"padding-top:0!important;\">\n\t\t<div class=\"container\">\n\t\t\t<div class=\"contact-feedback-form\">\n\t\t\t\t<div class=\"col-md-12\">\n\t\t\t\t\t<p><span class=\"wpcf7-form-control-wrap\" data-name=\"campo-nome\"><input size=\"40\" maxlength=\"400\" class=\"wpcf7-form-control wpcf7-text wpcf7-validates-as-required\" aria-required=\"true\" aria-invalid=\"false\" placeholder=\"Seu nome\" value=\"\" type=\"text\" name=\"campo-nome\" \/><\/span>\n\t\t\t\t\t<\/p>\n\t\t\t\t<\/div>\n\t\t\t\t<div class=\"col-md-6\">\n\t\t\t\t\t<p><span class=\"wpcf7-form-control-wrap\" data-name=\"campo-email\"><input size=\"40\" maxlength=\"400\" class=\"wpcf7-form-control wpcf7-email wpcf7-validates-as-required wpcf7-text wpcf7-validates-as-email\" aria-required=\"true\" aria-invalid=\"false\" placeholder=\"Seu email\" value=\"\" type=\"email\" name=\"campo-email\" \/><\/span>\n\t\t\t\t\t<\/p>\n\t\t\t\t<\/div>\n\t\t\t\t<div class=\"col-md-6\">\n\t\t\t\t<\/div>\n\t\t\t\t<div class=\"col-md-6\">\n\t\t\t\t\t<p><span class=\"wpcf7-form-control-wrap\" data-name=\"campo-matricula\"><input size=\"40\" maxlength=\"400\" class=\"wpcf7-form-control wpcf7-text\" aria-invalid=\"false\" placeholder=\"Matr\u00edcula do im\u00f3vel\" value=\"\" type=\"text\" name=\"campo-matricula\" \/><\/span>\n\t\t\t\t\t<\/p>\n\t\t\t\t<\/div>\n\t\t\t\t<div class=\"col-md-6\">\n\t\t\t\t\t<p><span class=\"wpcf7-form-control-wrap\" data-name=\"campo-cpf\"><input size=\"40\" maxlength=\"400\" class=\"wpcf7-form-control wpcf7-text\" aria-invalid=\"false\" placeholder=\"CPF: 000.000.006-00\" value=\"\" type=\"text\" name=\"campo-cpf\" \/><\/span>\n\t\t\t\t\t<\/p>\n\t\t\t\t<\/div>\n\t\t\t\t<div class=\"col-md-6\">\n\t\t\t\t\t<p><span class=\"wpcf7-form-control-wrap\" data-name=\"campo-rg\"><input size=\"40\" maxlength=\"400\" class=\"wpcf7-form-control wpcf7-text\" aria-invalid=\"false\" placeholder=\"RG\" value=\"\" type=\"text\" name=\"campo-rg\" \/><\/span>\n\t\t\t\t\t<\/p>\n\t\t\t\t<\/div>\n\t\t\t\t<div class=\"col-md-12\">\n\t\t\t\t\t<p><span class=\"wpcf7-form-control-wrap\" data-name=\"campo-observacoes\"><textarea cols=\"40\" rows=\"10\" maxlength=\"2000\" class=\"wpcf7-form-control wpcf7-textarea\" aria-invalid=\"false\" placeholder=\"Observa\u00e7\u00f5es\" name=\"campo-observacoes\"><\/textarea><\/span>\n\t\t\t\t\t<\/p>\n\t\t\t\t<\/div>\n\t\t\t\t<div class=\"col-md-12\">\n\t\t\t\t\t<p><input class=\"wpcf7-form-control wpcf7-submit has-spinner\" type=\"submit\" value=\"Enviar\" \/>\n\t\t\t\t\t<\/p>\n\t\t\t\t<\/div>\n\t\t\t<\/div>\n\t\t<\/div>\n\t<\/div>\n<\/div><div class=\"wpcf7-response-output\" aria-hidden=\"true\"><\/div>\n<\/form>\n<\/div>\n\n","protected":false},"excerpt":{"rendered":"","protected":false},"author":1,"featured_media":0,"parent":0,"menu_order":0,"comment_status":"closed","ping_status":"closed","template":"content.php","meta":{"footnotes":""},"class_list":["post-322","page","type-page","status-publish","hentry"],"_links":{"self":[{"href":"http:\/\/www.brunetimoveis.com.br\/site\/wp-json\/wp\/v2\/pages\/322","targetHints":{"allow":["GET"]}}],"collection":[{"href":"http:\/\/www.brunetimoveis.com.br\/site\/wp-json\/wp\/v2\/pages"}],"about":[{"href":"http:\/\/www.brunetimoveis.com.br\/site\/wp-json\/wp\/v2\/types\/page"}],"author":[{"embeddable":true,"href":"http:\/\/www.brunetimoveis.com.br\/site\/wp-json\/wp\/v2\/users\/1"}],"replies":[{"embeddable":true,"href":"http:\/\/www.brunetimoveis.com.br\/site\/wp-json\/wp\/v2\/comments?post=322"}],"version-history":[{"count":5,"href":"http:\/\/www.brunetimoveis.com.br\/site\/wp-json\/wp\/v2\/pages\/322\/revisions"}],"predecessor-version":[{"id":327,"href":"http:\/\/www.brunetimoveis.com.br\/site\/wp-json\/wp\/v2\/pages\/322\/revisions\/327"}],"wp:attachment":[{"href":"http:\/\/www.brunetimoveis.com.br\/site\/wp-json\/wp\/v2\/media?parent=322"}],"curies":[{"name":"wp","href":"https:\/\/api.w.org\/{rel}","templated":true}]}}