{"id":95,"date":"2020-09-30T16:03:45","date_gmt":"2020-09-30T19:03:45","guid":{"rendered":"http:\/\/www.brunetimoveis2.uni5.net\/?page_id=95"},"modified":"2022-11-08T22:25:09","modified_gmt":"2022-11-09T01:25:09","slug":"quem-somos-2","status":"publish","type":"page","link":"http:\/\/www.brunetimoveis.com.br\/site\/quem-somos-2\/","title":{"rendered":"Quem Somos ?"},"content":{"rendered":"<div>A Imobili\u00e1ria Brunet Corretor de Im\u00f3veis trabalha focada no bom relacionamento com os clientes, transpar\u00eancia, credibilidade e seguran\u00e7a dos seus servi\u00e7os.<\/div>\n<div><\/div>\n<div>O foco da imobili\u00e1ria \u00e9 disponibilizar aos clientes, a garantia na compra e venda de im\u00f3veis, sempre com profissionalismo e \u00e9tica; no intuito ainda, de dar tranquilidade e certeza de neg\u00f3cios bem realizados, conta com assessoria jur\u00eddica dos experientes e conceituados advogados, o qual analisa e verifica todos os contratos realizados, sem acr\u00e9scimo pecuni\u00e1rio ao cliente.<\/div>\n<div><\/div>\n<div>Com a miss\u00e3o de garantir \u00f3timos neg\u00f3cios para os clientes, na compra e venda de im\u00f3veis, realizando um atendimento de qualidade, personalizado e diferenciado.<\/div>\n<div><\/div>\n<div>E-mail: pablo@brunetimoveis.com.br<\/div>\n<div>What App: +5555999821214<\/div>\n","protected":false},"excerpt":{"rendered":"<p>A Imobili\u00e1ria Brunet Corretor de Im\u00f3veis trabalha focada no bom relacionamento com os clientes, transpar\u00eancia, credibilidade e seguran\u00e7a dos seus servi\u00e7os. O foco da imobili\u00e1ria \u00e9 disponibilizar aos clientes, a garantia na compra e venda de im\u00f3veis, sempre com profissionalismo e \u00e9tica; no intuito ainda, de dar tranquilidade e certeza de neg\u00f3cios bem realizados, conta [&hellip;]<\/p>\n","protected":false},"author":2,"featured_media":0,"parent":0,"menu_order":0,"comment_status":"closed","ping_status":"closed","template":"content.php","meta":{"footnotes":""},"class_list":["post-95","page","type-page","status-publish","hentry"],"_links":{"self":[{"href":"http:\/\/www.brunetimoveis.com.br\/site\/wp-json\/wp\/v2\/pages\/95","targetHints":{"allow":["GET"]}}],"collection":[{"href":"http:\/\/www.brunetimoveis.com.br\/site\/wp-json\/wp\/v2\/pages"}],"about":[{"href":"http:\/\/www.brunetimoveis.com.br\/site\/wp-json\/wp\/v2\/types\/page"}],"author":[{"embeddable":true,"href":"http:\/\/www.brunetimoveis.com.br\/site\/wp-json\/wp\/v2\/users\/2"}],"replies":[{"embeddable":true,"href":"http:\/\/www.brunetimoveis.com.br\/site\/wp-json\/wp\/v2\/comments?post=95"}],"version-history":[{"count":2,"href":"http:\/\/www.brunetimoveis.com.br\/site\/wp-json\/wp\/v2\/pages\/95\/revisions"}],"predecessor-version":[{"id":3103,"href":"http:\/\/www.brunetimoveis.com.br\/site\/wp-json\/wp\/v2\/pages\/95\/revisions\/3103"}],"wp:attachment":[{"href":"http:\/\/www.brunetimoveis.com.br\/site\/wp-json\/wp\/v2\/media?parent=95"}],"curies":[{"name":"wp","href":"https:\/\/api.w.org\/{rel}","templated":true}]}}